{"id":1962,"date":"2021-03-26T20:40:42","date_gmt":"2021-03-26T19:40:42","guid":{"rendered":"http:\/\/onewavebarcelona.com\/buying-properties-in-barcelona\/"},"modified":"2021-08-12T18:46:12","modified_gmt":"2021-08-12T16:46:12","slug":"immobilien-in-barcelona-kaufen","status":"publish","type":"page","link":"https:\/\/onewavebarcelona.com\/de\/immobilien-in-barcelona-kaufen\/","title":{"rendered":"Kaufen"},"content":{"rendered":"[vc_row type=&#8220;full_width_background&#8220; full_screen_row_position=&#8220;middle&#8220; column_margin=&#8220;default&#8220; equal_height=&#8220;yes&#8220; content_placement=&#8220;bottom&#8220; column_direction=&#8220;default&#8220; column_direction_tablet=&#8220;default&#8220; column_direction_phone=&#8220;default&#8220; bg_color=&#8220;#d1d1ca&#8220; bg_image=&#8220;1795&#8243; bg_position=&#8220;center center&#8220; background_image_loading=&#8220;default&#8220; bg_repeat=&#8220;no-repeat&#8220; scene_position=&#8220;center&#8220; top_padding=&#8220;8%&#8220; bottom_padding=&#8220;8%&#8220; text_color=&#8220;light&#8220; text_align=&#8220;left&#8220; row_border_radius=&#8220;none&#8220; row_border_radius_applies=&#8220;bg&#8220; enable_gradient=&#8220;true&#8220; color_overlay=&#8220;#0a0a0a&#8220; overlay_strength=&#8220;0.8&#8243; gradient_direction=&#8220;left_to_right&#8220; shape_divider_position=&#8220;bottom&#8220; shape_divider_height=&#8220;350&#8243; bg_image_animation=&#8220;fade-in&#8220; parallax_bg=&#8220;true&#8220; parallax_bg_speed=&#8220;fast&#8220; shape_type=&#8220;mountains&#8220;][vc_column column_padding=&#8220;no-extra-padding&#8220; column_padding_tablet=&#8220;inherit&#8220; column_padding_phone=&#8220;inherit&#8220; column_padding_position=&#8220;all&#8220; column_element_spacing=&#8220;default&#8220; background_color_opacity=&#8220;1&#8243; background_hover_color_opacity=&#8220;1&#8243; column_shadow=&#8220;none&#8220; column_border_radius=&#8220;none&#8220; column_link_target=&#8220;_self&#8220; gradient_direction=&#8220;left_to_right&#8220; overlay_strength=&#8220;0.3&#8243; width=&#8220;1\/2&#8243; tablet_width_inherit=&#8220;default&#8220; tablet_text_alignment=&#8220;default&#8220; phone_text_alignment=&#8220;default&#8220; bg_image_animation=&#8220;none&#8220; border_type=&#8220;simple&#8220; column_border_width=&#8220;none&#8220; column_border_style=&#8220;solid&#8220;][vc_row_inner column_margin=&#8220;default&#8220; column_direction=&#8220;default&#8220; column_direction_tablet=&#8220;default&#8220; column_direction_phone=&#8220;default&#8220; text_align=&#8220;left&#8220;][vc_column_inner column_padding=&#8220;no-extra-padding&#8220; column_padding_tablet=&#8220;inherit&#8220; column_padding_phone=&#8220;inherit&#8220; column_padding_position=&#8220;all&#8220; column_element_spacing=&#8220;default&#8220; background_color_opacity=&#8220;1&#8243; background_hover_color_opacity=&#8220;1&#8243; column_shadow=&#8220;none&#8220; column_border_radius=&#8220;none&#8220; column_link_target=&#8220;_self&#8220; gradient_direction=&#8220;left_to_right&#8220; overlay_strength=&#8220;0.3&#8243; width=&#8220;1\/1&#8243; tablet_width_inherit=&#8220;default&#8220; bg_image_animation=&#8220;none&#8220; border_type=&#8220;simple&#8220; column_border_width=&#8220;none&#8220; column_border_style=&#8220;solid&#8220;][split_line_heading animation_type=&#8220;line-reveal-by-space&#8220; font_style=&#8220;h1&#8243; content_alignment=&#8220;default&#8220; mobile_content_alignment=&#8220;inherit&#8220; text_content=&#8220;Immobilien in Barcelona und Umgebung kaufen&#8220;][\/split_line_heading][\/vc_column_inner][\/vc_row_inner][\/vc_column][vc_column column_padding=&#8220;no-extra-padding&#8220; column_padding_tablet=&#8220;inherit&#8220; column_padding_phone=&#8220;inherit&#8220; column_padding_position=&#8220;all&#8220; column_element_spacing=&#8220;default&#8220; background_color_opacity=&#8220;1&#8243; background_hover_color_opacity=&#8220;1&#8243; column_shadow=&#8220;none&#8220; column_border_radius=&#8220;none&#8220; column_link_target=&#8220;_self&#8220; gradient_direction=&#8220;left_to_right&#8220; overlay_strength=&#8220;0.3&#8243; width=&#8220;1\/2&#8243; tablet_width_inherit=&#8220;default&#8220; tablet_text_alignment=&#8220;default&#8220; phone_text_alignment=&#8220;default&#8220; bg_image_animation=&#8220;none&#8220; border_type=&#8220;simple&#8220; column_border_width=&#8220;none&#8220; column_border_style=&#8220;solid&#8220;][\/vc_column][\/vc_row][vc_row type=&#8220;full_width_background&#8220; full_screen_row_position=&#8220;middle&#8220; column_margin=&#8220;90px&#8220; equal_height=&#8220;yes&#8220; content_placement=&#8220;top&#8220; column_direction=&#8220;default&#8220; column_direction_tablet=&#8220;column_reverse&#8220; column_direction_phone=&#8220;column_reverse&#8220; bg_color=&#8220;#ffffff&#8220; scene_position=&#8220;center&#8220; top_padding=&#8220;8%&#8220; bottom_padding=&#8220;8%&#8220; top_padding_tablet=&#8220;8%&#8220; bottom_padding_tablet=&#8220;8%&#8220; text_color=&#8220;dark&#8220; text_align=&#8220;left&#8220; row_border_radius=&#8220;none&#8220; row_border_radius_applies=&#8220;bg&#8220; id=&#8220;home&#8220; overlay_strength=&#8220;0.5&#8243; gradient_direction=&#8220;top_to_bottom&#8220; shape_divider_position=&#8220;bottom&#8220; bg_image_animation=&#8220;none&#8220; shape_type=&#8220;straight_section&#8220;][vc_column column_padding=&#8220;no-extra-padding&#8220; column_padding_tablet=&#8220;inherit&#8220; column_padding_phone=&#8220;inherit&#8220; column_padding_position=&#8220;all&#8220; column_element_spacing=&#8220;default&#8220; background_color_opacity=&#8220;1&#8243; background_hover_color_opacity=&#8220;1&#8243; column_shadow=&#8220;none&#8220; column_border_radius=&#8220;none&#8220; column_link_target=&#8220;_self&#8220; gradient_direction=&#8220;left_to_right&#8220; overlay_strength=&#8220;0.5&#8243; width=&#8220;1\/2&#8243; tablet_width_inherit=&#8220;default&#8220; tablet_text_alignment=&#8220;default&#8220; phone_text_alignment=&#8220;default&#8220; bg_image_animation=&#8220;none&#8220; enable_animation=&#8220;true&#8220; animation=&#8220;fade-in-from-bottom&#8220; border_type=&#8220;simple&#8220; column_border_width=&#8220;none&#8220; column_border_style=&#8220;solid&#8220; offset=&#8220;vc_col-xs-12&#8243;][vc_row_inner column_margin=&#8220;default&#8220; column_direction=&#8220;default&#8220; column_direction_tablet=&#8220;default&#8220; column_direction_phone=&#8220;default&#8220; text_align=&#8220;left&#8220;][vc_column_inner column_padding=&#8220;no-extra-padding&#8220; column_padding_tablet=&#8220;inherit&#8220; column_padding_phone=&#8220;inherit&#8220; column_padding_position=&#8220;all&#8220; column_element_spacing=&#8220;default&#8220; background_color_opacity=&#8220;1&#8243; background_hover_color_opacity=&#8220;1&#8243; column_shadow=&#8220;none&#8220; column_border_radius=&#8220;none&#8220; column_link_target=&#8220;_self&#8220; gradient_direction=&#8220;left_to_right&#8220; overlay_strength=&#8220;0.5&#8243; width=&#8220;1\/1&#8243; tablet_width_inherit=&#8220;default&#8220; bg_image_animation=&#8220;none&#8220; border_type=&#8220;simple&#8220; column_border_width=&#8220;none&#8220; column_border_style=&#8220;solid&#8220;][image_with_animation image_url=&#8220;1750&#8243; animation=&#8220;None&#8220; hover_animation=&#8220;none&#8220; alignment=&#8220;&#8220; border_radius=&#8220;none&#8220; box_shadow=&#8220;medium_depth&#8220; image_loading=&#8220;default&#8220; max_width=&#8220;100%&#8220; max_width_mobile=&#8220;default&#8220;][\/vc_column_inner][\/vc_row_inner][\/vc_column][vc_column column_padding=&#8220;padding-4-percent&#8220; column_padding_tablet=&#8220;no-extra-padding&#8220; column_padding_phone=&#8220;no-extra-padding&#8220; column_padding_position=&#8220;right&#8220; column_element_spacing=&#8220;10px&#8220; background_color_opacity=&#8220;1&#8243; background_hover_color_opacity=&#8220;1&#8243; column_shadow=&#8220;none&#8220; column_border_radius=&#8220;none&#8220; column_link_target=&#8220;_self&#8220; zindex=&#8220;100&#8243; gradient_direction=&#8220;left_t_to_right_b&#8220; overlay_strength=&#8220;0.3&#8243; width=&#8220;1\/2&#8243; tablet_width_inherit=&#8220;default&#8220; tablet_text_alignment=&#8220;default&#8220; phone_text_alignment=&#8220;default&#8220; bg_image_animation=&#8220;none&#8220; border_type=&#8220;simple&#8220; column_border_width=&#8220;none&#8220; column_border_style=&#8220;solid&#8220; offset=&#8220;vc_col-xs-12&#8243;][vc_row_inner column_margin=&#8220;default&#8220; column_direction=&#8220;default&#8220; column_direction_tablet=&#8220;default&#8220; column_direction_phone=&#8220;default&#8220; text_align=&#8220;left&#8220; min_width=&#8220;47vh&#8220;][vc_column_inner column_padding=&#8220;no-extra-padding&#8220; column_padding_tablet=&#8220;inherit&#8220; column_padding_phone=&#8220;inherit&#8220; column_padding_position=&#8220;all&#8220; column_element_spacing=&#8220;5px&#8220; background_color_opacity=&#8220;1&#8243; background_hover_color_opacity=&#8220;1&#8243; column_shadow=&#8220;none&#8220; column_border_radius=&#8220;none&#8220; column_link_target=&#8220;_self&#8220; gradient_direction=&#8220;left_to_right&#8220; overlay_strength=&#8220;0.3&#8243; width=&#8220;1\/1&#8243; tablet_width_inherit=&#8220;default&#8220; bg_image_animation=&#8220;none&#8220; enable_animation=&#8220;true&#8220; animation=&#8220;fade-in-from-bottom&#8220; border_type=&#8220;simple&#8220; column_border_width=&#8220;none&#8220; column_border_style=&#8220;solid&#8220; enable_border_animation=&#8220;true&#8220;][vc_column_text css_animation=&#8220;none&#8220; css=&#8220;.vc_custom_1628781448374{margin-bottom: 20px !important;}&#8220;]\n<h3>Einkaufen in Barcelona war noch nie so einfach<\/h3>\n[\/vc_column_text][\/vc_column_inner][\/vc_row_inner][vc_row_inner column_margin=&#8220;default&#8220; column_direction=&#8220;default&#8220; column_direction_tablet=&#8220;default&#8220; column_direction_phone=&#8220;default&#8220; text_align=&#8220;left&#8220; min_width=&#8220;47vh&#8220;][vc_column_inner column_padding=&#8220;no-extra-padding&#8220; column_padding_tablet=&#8220;inherit&#8220; column_padding_phone=&#8220;inherit&#8220; column_padding_position=&#8220;all&#8220; column_element_spacing=&#8220;5px&#8220; background_color_opacity=&#8220;1&#8243; background_hover_color_opacity=&#8220;1&#8243; column_shadow=&#8220;none&#8220; column_border_radius=&#8220;none&#8220; column_link_target=&#8220;_self&#8220; gradient_direction=&#8220;left_to_right&#8220; overlay_strength=&#8220;0.3&#8243; width=&#8220;1\/1&#8243; tablet_width_inherit=&#8220;default&#8220; bg_image_animation=&#8220;none&#8220; enable_animation=&#8220;true&#8220; animation=&#8220;fade-in-from-bottom&#8220; border_type=&#8220;simple&#8220; column_border_width=&#8220;none&#8220; column_border_style=&#8220;solid&#8220; enable_border_animation=&#8220;true&#8220;][vc_column_text]\n<p class=\"font_8\">Der Kauf einer Immobilie in Barcelona ist eine langfristige Investition, die im Laufe der Jahre viel Wert bringen wird. Es wird jedoch auch viel \u00c4rger verursachen, da der Besitz einer Immobilie nie einfach ist.<\/p>\n<p>Dar\u00fcber hinaus m\u00fcssen Sie viel Zeit investieren, um die perfekt passende Immobilie in Bezug auf Budget, Fl\u00e4che, Konditionen usw. zu finden.<\/p>\n<p>One Wave Barcelona bietet Ihnen alle Dienstleistungen und Erfahrungen, die Sie brauchen, um diese Zeit nicht zu verlieren. Unser professionelles und lokales Team f\u00fchrt und begleitet Sie durch den gesamten Prozess und zeigt Ihnen proaktiv passende Ergebnisse, damit Sie sich auf das Richtige konzentrieren k\u00f6nnen.<\/p>\n<p>Lassen Sie uns Ihr Partner in Barcelona sein, um eine perfekte Investition zu t\u00e4tigen.[\/vc_column_text][\/vc_column_inner][\/vc_row_inner][\/vc_column][\/vc_row][vc_row type=&#8220;full_width_background&#8220; full_screen_row_position=&#8220;middle&#8220; column_margin=&#8220;90px&#8220; equal_height=&#8220;yes&#8220; content_placement=&#8220;middle&#8220; column_direction=&#8220;default&#8220; column_direction_tablet=&#8220;column_reverse&#8220; column_direction_phone=&#8220;column_reverse&#8220; bg_color=&#8220;#efe9e9&#8243; scene_position=&#8220;center&#8220; top_padding=&#8220;6%&#8220; bottom_padding=&#8220;6%&#8220; top_padding_tablet=&#8220;8%&#8220; bottom_padding_tablet=&#8220;8%&#8220; text_color=&#8220;dark&#8220; text_align=&#8220;left&#8220; row_border_radius=&#8220;none&#8220; row_border_radius_applies=&#8220;bg&#8220; id=&#8220;home&#8220; overlay_strength=&#8220;0.5&#8243; gradient_direction=&#8220;top_to_bottom&#8220; shape_divider_position=&#8220;bottom&#8220; bg_image_animation=&#8220;none&#8220; shape_type=&#8220;straight_section&#8220;][vc_column column_padding=&#8220;padding-4-percent&#8220; column_padding_tablet=&#8220;no-extra-padding&#8220; column_padding_phone=&#8220;no-extra-padding&#8220; column_padding_position=&#8220;right&#8220; column_element_spacing=&#8220;10px&#8220; background_color_opacity=&#8220;1&#8243; background_hover_color_opacity=&#8220;1&#8243; column_shadow=&#8220;none&#8220; column_border_radius=&#8220;none&#8220; column_link_target=&#8220;_self&#8220; zindex=&#8220;100&#8243; gradient_direction=&#8220;left_t_to_right_b&#8220; overlay_strength=&#8220;0.3&#8243; width=&#8220;1\/1&#8243; tablet_width_inherit=&#8220;default&#8220; tablet_text_alignment=&#8220;default&#8220; phone_text_alignment=&#8220;default&#8220; bg_image_animation=&#8220;none&#8220; border_type=&#8220;simple&#8220; column_border_width=&#8220;none&#8220; column_border_style=&#8220;solid&#8220; offset=&#8220;vc_col-xs-12&#8243;][vc_row_inner column_margin=&#8220;default&#8220; column_direction=&#8220;default&#8220; column_direction_tablet=&#8220;default&#8220; column_direction_phone=&#8220;default&#8220; text_align=&#8220;left&#8220; min_width=&#8220;47vh&#8220;][vc_column_inner column_padding=&#8220;no-extra-padding&#8220; column_padding_tablet=&#8220;inherit&#8220; column_padding_phone=&#8220;inherit&#8220; column_padding_position=&#8220;all&#8220; column_element_spacing=&#8220;5px&#8220; background_color_opacity=&#8220;1&#8243; background_hover_color_opacity=&#8220;1&#8243; column_shadow=&#8220;none&#8220; column_border_radius=&#8220;none&#8220; column_link_target=&#8220;_self&#8220; gradient_direction=&#8220;left_to_right&#8220; overlay_strength=&#8220;0.3&#8243; width=&#8220;1\/1&#8243; tablet_width_inherit=&#8220;default&#8220; bg_image_animation=&#8220;none&#8220; enable_animation=&#8220;true&#8220; animation=&#8220;fade-in-from-bottom&#8220; border_type=&#8220;simple&#8220; column_border_width=&#8220;none&#8220; column_border_style=&#8220;solid&#8220; enable_border_animation=&#8220;true&#8220;][vc_column_text css_animation=&#8220;none&#8220; css=&#8220;.vc_custom_1628781468226{margin-bottom: 20px !important;}&#8220;]\n<h3>Unsere Dienstleistungen umfassen:<\/h3>\n[\/vc_column_text][\/vc_column_inner][\/vc_row_inner][vc_row_inner column_margin=&#8220;default&#8220; column_direction=&#8220;default&#8220; column_direction_tablet=&#8220;default&#8220; column_direction_phone=&#8220;default&#8220; text_align=&#8220;left&#8220; min_width=&#8220;47vh&#8220;][vc_column_inner column_padding=&#8220;padding-4-percent&#8220; column_padding_tablet=&#8220;inherit&#8220; column_padding_phone=&#8220;inherit&#8220; column_padding_position=&#8220;all&#8220; column_element_spacing=&#8220;5px&#8220; background_color_opacity=&#8220;1&#8243; background_hover_color_opacity=&#8220;1&#8243; column_shadow=&#8220;none&#8220; column_border_radius=&#8220;none&#8220; column_link_target=&#8220;_self&#8220; gradient_direction=&#8220;left_to_right&#8220; overlay_strength=&#8220;0.3&#8243; width=&#8220;1\/2&#8243; tablet_width_inherit=&#8220;default&#8220; bg_image_animation=&#8220;none&#8220; enable_animation=&#8220;true&#8220; animation=&#8220;fade-in-from-bottom&#8220; border_type=&#8220;simple&#8220; column_border_width=&#8220;none&#8220; column_border_style=&#8220;solid&#8220; enable_border_animation=&#8220;true&#8220;][vc_column_text]\n<div id=\"comp-kfsaynjf\" class=\"_1Z_nJ\" data-testid=\"richTextElement\">\n<ul class=\"font_8\">\n<li><strong>Immobilienoptionen<\/strong>\n<ul class=\"font_8\">\n<li>Objektsuche<\/li>\n<li>Immobilieninspektion<\/li>\n<li>Fotografie und virtuelle Tour<\/li>\n<li>Preisverhandlungen<\/li>\n<li>etc.<\/li>\n<\/ul>\n<\/li>\n<\/ul>\n<ul class=\"font_8\">\n<li><strong>Administration<\/strong>\n<ul class=\"font_8\">\n<li>Kaufvertrag<\/li>\n<li>Mietvertr\u00e4ge<\/li>\n<li>Formulare des Stadtrats<\/li>\n<li>Laufende Rechnungen<\/li>\n<li>etc.<\/li>\n<\/ul>\n<\/li>\n<\/ul>\n<ul class=\"font_8\">\n<li><strong>Grundsteuer und Gesetzlichkeiten<\/strong>\n<ul class=\"font_8\">\n<li>Eigenheim- und Investitionssteuern<\/li>\n<li>Rechts- und Steuerberatung und -beratung<\/li>\n<li>etc.<\/li>\n<\/ul>\n<\/li>\n<\/ul>\n<\/div>\n[\/vc_column_text][\/vc_column_inner][vc_column_inner column_padding=&#8220;padding-4-percent&#8220; column_padding_tablet=&#8220;inherit&#8220; column_padding_phone=&#8220;inherit&#8220; column_padding_position=&#8220;all&#8220; column_element_spacing=&#8220;default&#8220; background_color_opacity=&#8220;1&#8243; background_hover_color_opacity=&#8220;1&#8243; column_shadow=&#8220;none&#8220; column_border_radius=&#8220;none&#8220; column_link_target=&#8220;_self&#8220; gradient_direction=&#8220;left_to_right&#8220; overlay_strength=&#8220;0.3&#8243; width=&#8220;1\/2&#8243; tablet_width_inherit=&#8220;default&#8220; bg_image_animation=&#8220;none&#8220; enable_animation=&#8220;true&#8220; animation=&#8220;fade-in-from-bottom&#8220; border_type=&#8220;simple&#8220; column_border_width=&#8220;none&#8220; column_border_style=&#8220;solid&#8220; delay=&#8220;200&#8243;][vc_column_text]\n<div id=\"comp-kfsaynjf\" class=\"_1Z_nJ\" data-testid=\"richTextElement\">\n<ul class=\"font_8\">\n<li><strong>Instandhaltung und Renovierung der Immobilie<\/strong>\n<ul class=\"font_8\">\n<li>Inventar<\/li>\n<li>Allgemeine Wartung<\/li>\n<li>Reinigungsdienste<\/li>\n<li>Umbau, Renovierung und Reparatur<\/li>\n<li>Innenausstattung<\/li>\n<li>etc.<\/li>\n<\/ul>\n<\/li>\n<\/ul>\n<ul class=\"font_8\">\n<li><strong>Marketing und Immobilienoptimierung<\/strong>\n<ul class=\"font_8\">\n<li>Innen-\/Au\u00dfenaufnahmen<\/li>\n<li>Werbung auf Websites f\u00fcr Langzeit- und Kurzaufenthalte<\/li>\n<li>Preisanpassung je nach Saison \/ Nachfrage<\/li>\n<li>Beratung und Beratung, wie Sie Ihre Investition optimal nutzen k\u00f6nnen<\/li>\n<li>etc.<\/li>\n<\/ul>\n<\/li>\n<\/ul>\n<\/div>\n[\/vc_column_text][\/vc_column_inner][\/vc_row_inner][\/vc_column][\/vc_row]\n","protected":false},"excerpt":{"rendered":"<p>[vc_row type=&#8220;full_width_background&#8220; full_screen_row_position=&#8220;middle&#8220; column_margin=&#8220;default&#8220; equal_height=&#8220;yes&#8220; content_placement=&#8220;bottom&#8220; column_direction=&#8220;default&#8220; column_direction_tablet=&#8220;default&#8220; column_direction_phone=&#8220;default&#8220; bg_color=&#8220;#d1d1ca&#8220; bg_image=&#8220;1795&#8243; bg_position=&#8220;center center&#8220; background_image_loading=&#8220;default&#8220; bg_repeat=&#8220;no-repeat&#8220; scene_position=&#8220;center&#8220; top_padding=&#8220;8%&#8220; bottom_padding=&#8220;8%&#8220; text_color=&#8220;light&#8220; text_align=&#8220;left&#8220; row_border_radius=&#8220;none&#8220; row_border_radius_applies=&#8220;bg&#8220; enable_gradient=&#8220;true&#8220; color_overlay=&#8220;#0a0a0a&#8220; overlay_strength=&#8220;0.8&#8243; gradient_direction=&#8220;left_to_right&#8220; shape_divider_position=&#8220;bottom&#8220; shape_divider_height=&#8220;350&#8243; bg_image_animation=&#8220;fade-in&#8220; parallax_bg=&#8220;true&#8220;&#8230;<\/p>\n","protected":false},"author":1,"featured_media":0,"parent":0,"menu_order":0,"comment_status":"closed","ping_status":"closed","template":"","meta":[],"yoast_head":"<!-- This site is optimized with the Yoast SEO plugin v19.4 - https:\/\/yoast.com\/wordpress\/plugins\/seo\/ -->\n<title>Beratung f\u00fcr den Kauf von Immobilien in Barcelona - One Wave Barcelona<\/title>\n<meta name=\"description\" content=\"One Wave Barcelona bietet Ihnen alle Dienstleistungen und Erfahrungen, die Sie ben\u00f6tigen, um die perfekt passende Immobilie zu kaufen.\" \/>\n<meta name=\"robots\" content=\"index, follow, max-snippet:-1, max-image-preview:large, max-video-preview:-1\" \/>\n<link rel=\"canonical\" href=\"https:\/\/onewavebarcelona.com\/de\/immobilien-in-barcelona-kaufen\/\" \/>\n<meta property=\"og:locale\" content=\"de_DE\" \/>\n<meta property=\"og:type\" content=\"article\" \/>\n<meta property=\"og:title\" content=\"Beratung f\u00fcr den Kauf von Immobilien in Barcelona - One Wave Barcelona\" \/>\n<meta property=\"og:description\" content=\"One Wave Barcelona bietet Ihnen alle Dienstleistungen und Erfahrungen, die Sie ben\u00f6tigen, um die perfekt passende Immobilie zu kaufen.\" \/>\n<meta property=\"og:url\" content=\"https:\/\/onewavebarcelona.com\/de\/immobilien-in-barcelona-kaufen\/\" \/>\n<meta property=\"og:site_name\" content=\"One Wave Barcelona\" \/>\n<meta property=\"article:modified_time\" content=\"2021-08-12T16:46:12+00:00\" \/>\n<meta name=\"twitter:card\" content=\"summary_large_image\" \/>\n<meta name=\"twitter:label1\" content=\"Gesch\u00e4tzte Lesezeit\" \/>\n\t<meta name=\"twitter:data1\" content=\"3 Minuten\" \/>\n<script type=\"application\/ld+json\" class=\"yoast-schema-graph\">{\"@context\":\"https:\/\/schema.org\",\"@graph\":[{\"@type\":\"WebSite\",\"@id\":\"https:\/\/onewavebarcelona.com\/#website\",\"url\":\"https:\/\/onewavebarcelona.com\/\",\"name\":\"One Wave Barcelona\",\"description\":\"\",\"potentialAction\":[{\"@type\":\"SearchAction\",\"target\":{\"@type\":\"EntryPoint\",\"urlTemplate\":\"https:\/\/onewavebarcelona.com\/?s={search_term_string}\"},\"query-input\":\"required name=search_term_string\"}],\"inLanguage\":\"de-DE\"},{\"@type\":\"WebPage\",\"@id\":\"https:\/\/onewavebarcelona.com\/de\/immobilien-in-barcelona-kaufen\/\",\"url\":\"https:\/\/onewavebarcelona.com\/de\/immobilien-in-barcelona-kaufen\/\",\"name\":\"Beratung f\u00fcr den Kauf von Immobilien in Barcelona - One Wave Barcelona\",\"isPartOf\":{\"@id\":\"https:\/\/onewavebarcelona.com\/#website\"},\"datePublished\":\"2021-03-26T19:40:42+00:00\",\"dateModified\":\"2021-08-12T16:46:12+00:00\",\"description\":\"One Wave Barcelona bietet Ihnen alle Dienstleistungen und Erfahrungen, die Sie ben\u00f6tigen, um die perfekt passende Immobilie zu kaufen.\",\"breadcrumb\":{\"@id\":\"https:\/\/onewavebarcelona.com\/de\/immobilien-in-barcelona-kaufen\/#breadcrumb\"},\"inLanguage\":\"de-DE\",\"potentialAction\":[{\"@type\":\"ReadAction\",\"target\":[\"https:\/\/onewavebarcelona.com\/de\/immobilien-in-barcelona-kaufen\/\"]}]},{\"@type\":\"BreadcrumbList\",\"@id\":\"https:\/\/onewavebarcelona.com\/de\/immobilien-in-barcelona-kaufen\/#breadcrumb\",\"itemListElement\":[{\"@type\":\"ListItem\",\"position\":1,\"name\":\"Home\",\"item\":\"https:\/\/onewavebarcelona.com\/de\/\"},{\"@type\":\"ListItem\",\"position\":2,\"name\":\"Kaufen\"}]}]}<\/script>\n<!-- \/ Yoast SEO plugin. -->","yoast_head_json":{"title":"Beratung f\u00fcr den Kauf von Immobilien in Barcelona - One Wave Barcelona","description":"One Wave Barcelona bietet Ihnen alle Dienstleistungen und Erfahrungen, die Sie ben\u00f6tigen, um die perfekt passende Immobilie zu kaufen.","robots":{"index":"index","follow":"follow","max-snippet":"max-snippet:-1","max-image-preview":"max-image-preview:large","max-video-preview":"max-video-preview:-1"},"canonical":"https:\/\/onewavebarcelona.com\/de\/immobilien-in-barcelona-kaufen\/","og_locale":"de_DE","og_type":"article","og_title":"Beratung f\u00fcr den Kauf von Immobilien in Barcelona - One Wave Barcelona","og_description":"One Wave Barcelona bietet Ihnen alle Dienstleistungen und Erfahrungen, die Sie ben\u00f6tigen, um die perfekt passende Immobilie zu kaufen.","og_url":"https:\/\/onewavebarcelona.com\/de\/immobilien-in-barcelona-kaufen\/","og_site_name":"One Wave Barcelona","article_modified_time":"2021-08-12T16:46:12+00:00","twitter_card":"summary_large_image","twitter_misc":{"Gesch\u00e4tzte Lesezeit":"3 Minuten"},"schema":{"@context":"https:\/\/schema.org","@graph":[{"@type":"WebSite","@id":"https:\/\/onewavebarcelona.com\/#website","url":"https:\/\/onewavebarcelona.com\/","name":"One Wave Barcelona","description":"","potentialAction":[{"@type":"SearchAction","target":{"@type":"EntryPoint","urlTemplate":"https:\/\/onewavebarcelona.com\/?s={search_term_string}"},"query-input":"required name=search_term_string"}],"inLanguage":"de-DE"},{"@type":"WebPage","@id":"https:\/\/onewavebarcelona.com\/de\/immobilien-in-barcelona-kaufen\/","url":"https:\/\/onewavebarcelona.com\/de\/immobilien-in-barcelona-kaufen\/","name":"Beratung f\u00fcr den Kauf von Immobilien in Barcelona - One Wave Barcelona","isPartOf":{"@id":"https:\/\/onewavebarcelona.com\/#website"},"datePublished":"2021-03-26T19:40:42+00:00","dateModified":"2021-08-12T16:46:12+00:00","description":"One Wave Barcelona bietet Ihnen alle Dienstleistungen und Erfahrungen, die Sie ben\u00f6tigen, um die perfekt passende Immobilie zu kaufen.","breadcrumb":{"@id":"https:\/\/onewavebarcelona.com\/de\/immobilien-in-barcelona-kaufen\/#breadcrumb"},"inLanguage":"de-DE","potentialAction":[{"@type":"ReadAction","target":["https:\/\/onewavebarcelona.com\/de\/immobilien-in-barcelona-kaufen\/"]}]},{"@type":"BreadcrumbList","@id":"https:\/\/onewavebarcelona.com\/de\/immobilien-in-barcelona-kaufen\/#breadcrumb","itemListElement":[{"@type":"ListItem","position":1,"name":"Home","item":"https:\/\/onewavebarcelona.com\/de\/"},{"@type":"ListItem","position":2,"name":"Kaufen"}]}]}},"_links":{"self":[{"href":"https:\/\/onewavebarcelona.com\/de\/wp-json\/wp\/v2\/pages\/1962"}],"collection":[{"href":"https:\/\/onewavebarcelona.com\/de\/wp-json\/wp\/v2\/pages"}],"about":[{"href":"https:\/\/onewavebarcelona.com\/de\/wp-json\/wp\/v2\/types\/page"}],"author":[{"embeddable":true,"href":"https:\/\/onewavebarcelona.com\/de\/wp-json\/wp\/v2\/users\/1"}],"replies":[{"embeddable":true,"href":"https:\/\/onewavebarcelona.com\/de\/wp-json\/wp\/v2\/comments?post=1962"}],"version-history":[{"count":4,"href":"https:\/\/onewavebarcelona.com\/de\/wp-json\/wp\/v2\/pages\/1962\/revisions"}],"predecessor-version":[{"id":2001,"href":"https:\/\/onewavebarcelona.com\/de\/wp-json\/wp\/v2\/pages\/1962\/revisions\/2001"}],"wp:attachment":[{"href":"https:\/\/onewavebarcelona.com\/de\/wp-json\/wp\/v2\/media?parent=1962"}],"curies":[{"name":"wp","href":"https:\/\/api.w.org\/{rel}","templated":true}]}}